{"id":10,"date":"2017-02-17T17:45:03","date_gmt":"2017-02-17T17:45:03","guid":{"rendered":"http:\/\/migratingdialogues.org\/?page_id=10"},"modified":"2020-06-17T16:43:23","modified_gmt":"2020-06-17T14:43:23","slug":"news","status":"publish","type":"page","link":"https:\/\/migratingdialogues.org\/es\/news\/","title":{"rendered":"News"},"content":{"rendered":"<p class=\"qtranxs-available-languages-message qtranxs-available-languages-message-es\">Disculpa, pero esta entrada est\u00e1 disponible s\u00f3lo en <a href=\"https:\/\/migratingdialogues.org\/en\/wp-json\/wp\/v2\/pages\/10\" class=\"qtranxs-available-language-link qtranxs-available-language-link-en\" title=\"English\">English<\/a> y <a href=\"https:\/\/migratingdialogues.org\/nl\/wp-json\/wp\/v2\/pages\/10\" class=\"qtranxs-available-language-link qtranxs-available-language-link-nl\" title=\"Nederlands\">Nederlands<\/a>.<\/p>","protected":false},"excerpt":{"rendered":"<p class=\"qtranxs-available-languages-message qtranxs-available-languages-message-es\">Disculpa, pero esta entrada est\u00e1 disponible s\u00f3lo en <a href=\"https:\/\/migratingdialogues.org\/en\/wp-json\/wp\/v2\/pages\/10\" class=\"qtranxs-available-language-link qtranxs-available-language-link-en\" title=\"English\">English<\/a> y <a href=\"https:\/\/migratingdialogues.org\/nl\/wp-json\/wp\/v2\/pages\/10\" class=\"qtranxs-available-language-link qtranxs-available-language-link-nl\" title=\"Nederlands\">Nederlands<\/a>.<\/p>\n","protected":false},"author":1,"featured_media":0,"parent":0,"menu_order":0,"comment_status":"closed","ping_status":"closed","template":"","meta":{"footnotes":""},"class_list":["post-10","page","type-page","status-publish","hentry"],"jetpack_sharing_enabled":true,"jetpack_shortlink":"https:\/\/wp.me\/P8wad6-a","jetpack-related-posts":[{"id":7,"url":"https:\/\/migratingdialogues.org\/es\/","url_meta":{"origin":10,"position":0},"title":"Disculpa, pero esta entrada est\u00e1\u2026","author":"fabi\u00e1n","date":"17 de febrero de 2017","format":false,"excerpt":"Disculpa, pero esta entrada est\u00e1 disponible s\u00f3lo en English y Nederlands.","rel":"","context":"Entrada similar","block_context":{"text":"Entrada similar","link":""},"img":{"alt_text":"","src":"https:\/\/i0.wp.com\/migratingdialogues.org\/wp-content\/uploads\/2022\/02\/Voorstelling-ERF-21-van-47.jpg?resize=350%2C200","width":350,"height":200,"srcset":"https:\/\/i0.wp.com\/migratingdialogues.org\/wp-content\/uploads\/2022\/02\/Voorstelling-ERF-21-van-47.jpg?resize=350%2C200 1x, https:\/\/i0.wp.com\/migratingdialogues.org\/wp-content\/uploads\/2022\/02\/Voorstelling-ERF-21-van-47.jpg?resize=525%2C300 1.5x, https:\/\/i0.wp.com\/migratingdialogues.org\/wp-content\/uploads\/2022\/02\/Voorstelling-ERF-21-van-47.jpg?resize=700%2C400 2x, https:\/\/i0.wp.com\/migratingdialogues.org\/wp-content\/uploads\/2022\/02\/Voorstelling-ERF-21-van-47.jpg?resize=1050%2C600 3x, https:\/\/i0.wp.com\/migratingdialogues.org\/wp-content\/uploads\/2022\/02\/Voorstelling-ERF-21-van-47.jpg?resize=1400%2C800 4x"},"classes":[]},{"id":8,"url":"https:\/\/migratingdialogues.org\/es\/who\/","url_meta":{"origin":10,"position":1},"title":"Disculpa, pero esta entrada est\u00e1\u2026","author":"fabi\u00e1n","date":"17 de febrero de 2017","format":false,"excerpt":"Disculpa, pero esta entrada est\u00e1 disponible s\u00f3lo en English y Nederlands.","rel":"","context":"Entrada similar","block_context":{"text":"Entrada similar","link":""},"img":{"alt_text":"","src":"","width":0,"height":0},"classes":[]}],"_links":{"self":[{"href":"https:\/\/migratingdialogues.org\/es\/wp-json\/wp\/v2\/pages\/10","targetHints":{"allow":["GET"]}}],"collection":[{"href":"https:\/\/migratingdialogues.org\/es\/wp-json\/wp\/v2\/pages"}],"about":[{"href":"https:\/\/migratingdialogues.org\/es\/wp-json\/wp\/v2\/types\/page"}],"author":[{"embeddable":true,"href":"https:\/\/migratingdialogues.org\/es\/wp-json\/wp\/v2\/users\/1"}],"replies":[{"embeddable":true,"href":"https:\/\/migratingdialogues.org\/es\/wp-json\/wp\/v2\/comments?post=10"}],"version-history":[{"count":57,"href":"https:\/\/migratingdialogues.org\/es\/wp-json\/wp\/v2\/pages\/10\/revisions"}],"predecessor-version":[{"id":1024,"href":"https:\/\/migratingdialogues.org\/es\/wp-json\/wp\/v2\/pages\/10\/revisions\/1024"}],"wp:attachment":[{"href":"https:\/\/migratingdialogues.org\/es\/wp-json\/wp\/v2\/media?parent=10"}],"curies":[{"name":"wp","href":"https:\/\/api.w.org\/{rel}","templated":true}]}}