{"id":7,"date":"2017-02-17T17:45:03","date_gmt":"2017-02-17T17:45:03","guid":{"rendered":"http:\/\/migratingdialogues.org\/?page_id=7"},"modified":"2022-02-25T21:39:44","modified_gmt":"2022-02-25T20:39:44","slug":"home","status":"publish","type":"page","link":"https:\/\/migratingdialogues.org\/es\/","title":{"rendered":""},"content":{"rendered":"<p class=\"qtranxs-available-languages-message qtranxs-available-languages-message-es\">Disculpa, pero esta entrada est\u00e1 disponible s\u00f3lo en <a href=\"https:\/\/migratingdialogues.org\/en\/wp-json\/wp\/v2\/pages\/7\" class=\"qtranxs-available-language-link qtranxs-available-language-link-en\" title=\"English\">English<\/a> y <a href=\"https:\/\/migratingdialogues.org\/nl\/wp-json\/wp\/v2\/pages\/7\" class=\"qtranxs-available-language-link qtranxs-available-language-link-nl\" title=\"Nederlands\">Nederlands<\/a>.<\/p>","protected":false},"excerpt":{"rendered":"<p>Disculpa, pero esta entrada est\u00e1 disponible s\u00f3lo en English y Nederlands.<\/p>\n","protected":false},"author":1,"featured_media":0,"parent":0,"menu_order":0,"comment_status":"closed","ping_status":"closed","template":"","meta":{"footnotes":""},"class_list":["post-7","page","type-page","status-publish","hentry"],"jetpack_sharing_enabled":true,"jetpack_shortlink":"https:\/\/wp.me\/P8wad6-7","jetpack-related-posts":[{"id":10,"url":"https:\/\/migratingdialogues.org\/es\/news\/","url_meta":{"origin":7,"position":0},"title":"News","author":"fabi\u00e1n","date":"17 de febrero de 2017","format":false,"excerpt":"Disculpa, pero esta entrada est\u00e1 disponible s\u00f3lo en English y Nederlands.","rel":"","context":"Entrada similar","block_context":{"text":"Entrada similar","link":""},"img":{"alt_text":"","src":"","width":0,"height":0},"classes":[]}],"_links":{"self":[{"href":"https:\/\/migratingdialogues.org\/es\/wp-json\/wp\/v2\/pages\/7","targetHints":{"allow":["GET"]}}],"collection":[{"href":"https:\/\/migratingdialogues.org\/es\/wp-json\/wp\/v2\/pages"}],"about":[{"href":"https:\/\/migratingdialogues.org\/es\/wp-json\/wp\/v2\/types\/page"}],"author":[{"embeddable":true,"href":"https:\/\/migratingdialogues.org\/es\/wp-json\/wp\/v2\/users\/1"}],"replies":[{"embeddable":true,"href":"https:\/\/migratingdialogues.org\/es\/wp-json\/wp\/v2\/comments?post=7"}],"version-history":[{"count":121,"href":"https:\/\/migratingdialogues.org\/es\/wp-json\/wp\/v2\/pages\/7\/revisions"}],"predecessor-version":[{"id":1240,"href":"https:\/\/migratingdialogues.org\/es\/wp-json\/wp\/v2\/pages\/7\/revisions\/1240"}],"wp:attachment":[{"href":"https:\/\/migratingdialogues.org\/es\/wp-json\/wp\/v2\/media?parent=7"}],"curies":[{"name":"wp","href":"https:\/\/api.w.org\/{rel}","templated":true}]}}