{"id":9,"date":"2017-02-17T17:45:03","date_gmt":"2017-02-17T17:45:03","guid":{"rendered":"http:\/\/migratingdialogues.org\/?page_id=9"},"modified":"2017-12-03T20:12:31","modified_gmt":"2017-12-03T19:12:31","slug":"contact","status":"publish","type":"page","link":"https:\/\/migratingdialogues.org\/es\/contact\/","title":{"rendered":"Contact"},"content":{"rendered":"<p class=\"qtranxs-available-languages-message qtranxs-available-languages-message-es\">Disculpa, pero esta entrada est\u00e1 disponible s\u00f3lo en <a href=\"https:\/\/migratingdialogues.org\/en\/wp-json\/wp\/v2\/pages\/9\" class=\"qtranxs-available-language-link qtranxs-available-language-link-en\" title=\"English\">English<\/a> y <a href=\"https:\/\/migratingdialogues.org\/nl\/wp-json\/wp\/v2\/pages\/9\" class=\"qtranxs-available-language-link qtranxs-available-language-link-nl\" title=\"Nederlands\">Nederlands<\/a>.<\/p>","protected":false},"excerpt":{"rendered":"<p>Disculpa, pero esta entrada est\u00e1 disponible s\u00f3lo en English y Nederlands.<\/p>\n","protected":false},"author":1,"featured_media":0,"parent":0,"menu_order":0,"comment_status":"closed","ping_status":"closed","template":"","meta":{"footnotes":""},"class_list":["post-9","page","type-page","status-publish","hentry"],"jetpack_sharing_enabled":true,"jetpack_shortlink":"https:\/\/wp.me\/P8wad6-9","jetpack-related-posts":[{"id":8,"url":"https:\/\/migratingdialogues.org\/es\/who\/","url_meta":{"origin":9,"position":0},"title":"Disculpa, pero esta entrada est\u00e1\u2026","author":"fabi\u00e1n","date":"17 de febrero de 2017","format":false,"excerpt":"Disculpa, pero esta entrada est\u00e1 disponible s\u00f3lo en English y Nederlands.","rel":"","context":"Entrada similar","block_context":{"text":"Entrada similar","link":""},"img":{"alt_text":"","src":"","width":0,"height":0},"classes":[]},{"id":2,"url":"https:\/\/migratingdialogues.org\/es\/blog\/","url_meta":{"origin":9,"position":1},"title":"Blog","author":"fabi\u00e1n","date":"17 de febrero de 2017","format":false,"excerpt":"","rel":"","context":"Entrada similar","block_context":{"text":"Entrada similar","link":""},"img":{"alt_text":"","src":"","width":0,"height":0},"classes":[]},{"id":10,"url":"https:\/\/migratingdialogues.org\/es\/news\/","url_meta":{"origin":9,"position":2},"title":"News","author":"fabi\u00e1n","date":"17 de febrero de 2017","format":false,"excerpt":"Disculpa, pero esta entrada est\u00e1 disponible s\u00f3lo en English y Nederlands.","rel":"","context":"Entrada similar","block_context":{"text":"Entrada similar","link":""},"img":{"alt_text":"","src":"","width":0,"height":0},"classes":[]},{"id":7,"url":"https:\/\/migratingdialogues.org\/es\/","url_meta":{"origin":9,"position":3},"title":"Disculpa, pero esta entrada est\u00e1\u2026","author":"fabi\u00e1n","date":"17 de febrero de 2017","format":false,"excerpt":"Disculpa, pero esta entrada est\u00e1 disponible s\u00f3lo en English y Nederlands.","rel":"","context":"Entrada similar","block_context":{"text":"Entrada similar","link":""},"img":{"alt_text":"","src":"https:\/\/i0.wp.com\/migratingdialogues.org\/wp-content\/uploads\/2022\/02\/Voorstelling-ERF-21-van-47.jpg?resize=350%2C200","width":350,"height":200,"srcset":"https:\/\/i0.wp.com\/migratingdialogues.org\/wp-content\/uploads\/2022\/02\/Voorstelling-ERF-21-van-47.jpg?resize=350%2C200 1x, https:\/\/i0.wp.com\/migratingdialogues.org\/wp-content\/uploads\/2022\/02\/Voorstelling-ERF-21-van-47.jpg?resize=525%2C300 1.5x, https:\/\/i0.wp.com\/migratingdialogues.org\/wp-content\/uploads\/2022\/02\/Voorstelling-ERF-21-van-47.jpg?resize=700%2C400 2x, https:\/\/i0.wp.com\/migratingdialogues.org\/wp-content\/uploads\/2022\/02\/Voorstelling-ERF-21-van-47.jpg?resize=1050%2C600 3x, https:\/\/i0.wp.com\/migratingdialogues.org\/wp-content\/uploads\/2022\/02\/Voorstelling-ERF-21-van-47.jpg?resize=1400%2C800 4x"},"classes":[]}],"_links":{"self":[{"href":"https:\/\/migratingdialogues.org\/es\/wp-json\/wp\/v2\/pages\/9","targetHints":{"allow":["GET"]}}],"collection":[{"href":"https:\/\/migratingdialogues.org\/es\/wp-json\/wp\/v2\/pages"}],"about":[{"href":"https:\/\/migratingdialogues.org\/es\/wp-json\/wp\/v2\/types\/page"}],"author":[{"embeddable":true,"href":"https:\/\/migratingdialogues.org\/es\/wp-json\/wp\/v2\/users\/1"}],"replies":[{"embeddable":true,"href":"https:\/\/migratingdialogues.org\/es\/wp-json\/wp\/v2\/comments?post=9"}],"version-history":[{"count":19,"href":"https:\/\/migratingdialogues.org\/es\/wp-json\/wp\/v2\/pages\/9\/revisions"}],"predecessor-version":[{"id":267,"href":"https:\/\/migratingdialogues.org\/es\/wp-json\/wp\/v2\/pages\/9\/revisions\/267"}],"wp:attachment":[{"href":"https:\/\/migratingdialogues.org\/es\/wp-json\/wp\/v2\/media?parent=9"}],"curies":[{"name":"wp","href":"https:\/\/api.w.org\/{rel}","templated":true}]}}